{"id":5987,"date":"2023-08-18T10:38:12","date_gmt":"2023-08-18T15:38:12","guid":{"rendered":"https:\/\/fondationlisewatier.com\/?page_id=5987"},"modified":"2023-08-23T15:06:30","modified_gmt":"2023-08-23T20:06:30","slug":"imprint-en","status":"publish","type":"page","link":"https:\/\/fondationlisewatier.com\/en\/imprint-en\/","title":{"rendered":"Imprint &#8211; EN"},"content":{"rendered":"<div id=\"cmplz-document\" class=\"cmplz-document impressum cmplz-document-all\"><p><i>This imprint was last updated on 18.08.2023.<\/i><\/p><p class=\"cmplz-subtitle\">The owner of this website is:<\/p><p>Fondation Lise Watier OBNL<br>2170, Ren\u00e9-L\u00e9vesque West Boulevard,<br> Suite 201<br> Montr\u00e9al (Qu\u00e9bec) H3H 2T8<br>Canada<br>Email:&nbsp;<span class=\"cmplz-obfuscate\">moc.reitawesilnoitadnof@ofni<\/span><br>Phone number: 514 507-6881<br><\/p><p class=\"cmplz-subtitle\">The legal representative(s) of Fondation Lise Watier OBNL:<\/p><p>Marie-Lise Andrade<\/p>1. General<p class=\"cmplz-subtitle\">1.1 We are registered at Registre des entreprises du Qu\u00e9bec under the license or registration number:<\/p><p>1165585168<\/p><p class=\"cmplz-subtitle\">1.2 The following Professional Rules and Regulations apply to our organization:<\/p><p>Donor Bill of Rights<\/p>You can access these rules and regulations here:<p><a href=\"https:\/\/fondationlisewatier.com\/en\/donor-bill-of-rights\/\">https:\/\/fondationlisewatier.com\/en\/donor-bill-of-rights\/<\/a><\/p>We are not willing or obliged to participate in dispute resolution procedures before a consumer arbitration board.<\/div>","protected":false},"excerpt":{"rendered":"","protected":false},"author":8,"featured_media":0,"parent":0,"menu_order":0,"comment_status":"closed","ping_status":"closed","template":"","meta":{"_acf_changed":false,"inline_featured_image":false,"footnotes":""},"class_list":["post-5987","page","type-page","status-publish","hentry","entry"],"acf":[],"yoast_head":"<!-- This site is optimized with the Yoast SEO plugin v26.5 - https:\/\/yoast.com\/wordpress\/plugins\/seo\/ -->\n<title>Imprint - EN - Fondation Lise Watier<\/title>\n<meta name=\"robots\" content=\"index, follow, max-snippet:-1, max-image-preview:large, max-video-preview:-1\" \/>\n<link rel=\"canonical\" href=\"https:\/\/fondationlisewatier.com\/en\/imprint-en\/\" \/>\n<meta property=\"og:locale\" content=\"en_US\" \/>\n<meta property=\"og:type\" content=\"article\" \/>\n<meta property=\"og:title\" content=\"Imprint - EN - Fondation Lise Watier\" \/>\n<meta property=\"og:url\" content=\"https:\/\/fondationlisewatier.com\/en\/imprint-en\/\" \/>\n<meta property=\"og:site_name\" content=\"Fondation Lise Watier\" \/>\n<meta property=\"article:modified_time\" content=\"2023-08-23T20:06:30+00:00\" \/>\n<meta name=\"twitter:card\" content=\"summary_large_image\" \/>\n<script type=\"application\/ld+json\" class=\"yoast-schema-graph\">{\"@context\":\"https:\/\/schema.org\",\"@graph\":[{\"@type\":\"WebPage\",\"@id\":\"https:\/\/fondationlisewatier.com\/en\/imprint-en\/\",\"url\":\"https:\/\/fondationlisewatier.com\/en\/imprint-en\/\",\"name\":\"Imprint - EN - Fondation Lise Watier\",\"isPartOf\":{\"@id\":\"https:\/\/fondationlisewatier.com\/#website\"},\"datePublished\":\"2023-08-18T15:38:12+00:00\",\"dateModified\":\"2023-08-23T20:06:30+00:00\",\"breadcrumb\":{\"@id\":\"https:\/\/fondationlisewatier.com\/en\/imprint-en\/#breadcrumb\"},\"inLanguage\":\"en-US\",\"potentialAction\":[{\"@type\":\"ReadAction\",\"target\":[\"https:\/\/fondationlisewatier.com\/en\/imprint-en\/\"]}]},{\"@type\":\"BreadcrumbList\",\"@id\":\"https:\/\/fondationlisewatier.com\/en\/imprint-en\/#breadcrumb\",\"itemListElement\":[{\"@type\":\"ListItem\",\"position\":1,\"name\":\"Accueil\",\"item\":\"https:\/\/fondationlisewatier.com\/en\/\"},{\"@type\":\"ListItem\",\"position\":2,\"name\":\"Imprint &#8211; EN\"}]},{\"@type\":\"WebSite\",\"@id\":\"https:\/\/fondationlisewatier.com\/#website\",\"url\":\"https:\/\/fondationlisewatier.com\/\",\"name\":\"Fondation Lise Watier\",\"description\":\"Organisme \u00e0 but non lucratif, la Fondation Lise Watier aide les femmes \u00e0 atteindre l\u2019ind\u00e9pendance financi\u00e8re.\",\"publisher\":{\"@id\":\"https:\/\/fondationlisewatier.com\/#organization\"},\"potentialAction\":[{\"@type\":\"SearchAction\",\"target\":{\"@type\":\"EntryPoint\",\"urlTemplate\":\"https:\/\/fondationlisewatier.com\/?s={search_term_string}\"},\"query-input\":{\"@type\":\"PropertyValueSpecification\",\"valueRequired\":true,\"valueName\":\"search_term_string\"}}],\"inLanguage\":\"en-US\"},{\"@type\":\"Organization\",\"@id\":\"https:\/\/fondationlisewatier.com\/#organization\",\"name\":\"Fondation Lise Watier\",\"url\":\"https:\/\/fondationlisewatier.com\/\",\"logo\":{\"@type\":\"ImageObject\",\"inLanguage\":\"en-US\",\"@id\":\"https:\/\/fondationlisewatier.com\/#\/schema\/logo\/image\/\",\"url\":\"https:\/\/fondationlisewatier.com\/wp-content\/uploads\/2021\/07\/LogoFLW_EN_2021.png\",\"contentUrl\":\"https:\/\/fondationlisewatier.com\/wp-content\/uploads\/2021\/07\/LogoFLW_EN_2021.png\",\"width\":1293,\"height\":342,\"caption\":\"Fondation Lise Watier\"},\"image\":{\"@id\":\"https:\/\/fondationlisewatier.com\/#\/schema\/logo\/image\/\"}}]}<\/script>\n<!-- \/ Yoast SEO plugin. -->","yoast_head_json":{"title":"Imprint - EN - Fondation Lise Watier","robots":{"index":"index","follow":"follow","max-snippet":"max-snippet:-1","max-image-preview":"max-image-preview:large","max-video-preview":"max-video-preview:-1"},"canonical":"https:\/\/fondationlisewatier.com\/en\/imprint-en\/","og_locale":"en_US","og_type":"article","og_title":"Imprint - EN - Fondation Lise Watier","og_url":"https:\/\/fondationlisewatier.com\/en\/imprint-en\/","og_site_name":"Fondation Lise Watier","article_modified_time":"2023-08-23T20:06:30+00:00","twitter_card":"summary_large_image","schema":{"@context":"https:\/\/schema.org","@graph":[{"@type":"WebPage","@id":"https:\/\/fondationlisewatier.com\/en\/imprint-en\/","url":"https:\/\/fondationlisewatier.com\/en\/imprint-en\/","name":"Imprint - EN - Fondation Lise Watier","isPartOf":{"@id":"https:\/\/fondationlisewatier.com\/#website"},"datePublished":"2023-08-18T15:38:12+00:00","dateModified":"2023-08-23T20:06:30+00:00","breadcrumb":{"@id":"https:\/\/fondationlisewatier.com\/en\/imprint-en\/#breadcrumb"},"inLanguage":"en-US","potentialAction":[{"@type":"ReadAction","target":["https:\/\/fondationlisewatier.com\/en\/imprint-en\/"]}]},{"@type":"BreadcrumbList","@id":"https:\/\/fondationlisewatier.com\/en\/imprint-en\/#breadcrumb","itemListElement":[{"@type":"ListItem","position":1,"name":"Accueil","item":"https:\/\/fondationlisewatier.com\/en\/"},{"@type":"ListItem","position":2,"name":"Imprint &#8211; EN"}]},{"@type":"WebSite","@id":"https:\/\/fondationlisewatier.com\/#website","url":"https:\/\/fondationlisewatier.com\/","name":"Fondation Lise Watier","description":"Organisme \u00e0 but non lucratif, la Fondation Lise Watier aide les femmes \u00e0 atteindre l\u2019ind\u00e9pendance financi\u00e8re.","publisher":{"@id":"https:\/\/fondationlisewatier.com\/#organization"},"potentialAction":[{"@type":"SearchAction","target":{"@type":"EntryPoint","urlTemplate":"https:\/\/fondationlisewatier.com\/?s={search_term_string}"},"query-input":{"@type":"PropertyValueSpecification","valueRequired":true,"valueName":"search_term_string"}}],"inLanguage":"en-US"},{"@type":"Organization","@id":"https:\/\/fondationlisewatier.com\/#organization","name":"Fondation Lise Watier","url":"https:\/\/fondationlisewatier.com\/","logo":{"@type":"ImageObject","inLanguage":"en-US","@id":"https:\/\/fondationlisewatier.com\/#\/schema\/logo\/image\/","url":"https:\/\/fondationlisewatier.com\/wp-content\/uploads\/2021\/07\/LogoFLW_EN_2021.png","contentUrl":"https:\/\/fondationlisewatier.com\/wp-content\/uploads\/2021\/07\/LogoFLW_EN_2021.png","width":1293,"height":342,"caption":"Fondation Lise Watier"},"image":{"@id":"https:\/\/fondationlisewatier.com\/#\/schema\/logo\/image\/"}}]}},"featured_image_src":null,"featured_image_src_square":null,"_links":{"self":[{"href":"https:\/\/fondationlisewatier.com\/en\/wp-json\/wp\/v2\/pages\/5987","targetHints":{"allow":["GET"]}}],"collection":[{"href":"https:\/\/fondationlisewatier.com\/en\/wp-json\/wp\/v2\/pages"}],"about":[{"href":"https:\/\/fondationlisewatier.com\/en\/wp-json\/wp\/v2\/types\/page"}],"author":[{"embeddable":true,"href":"https:\/\/fondationlisewatier.com\/en\/wp-json\/wp\/v2\/users\/8"}],"replies":[{"embeddable":true,"href":"https:\/\/fondationlisewatier.com\/en\/wp-json\/wp\/v2\/comments?post=5987"}],"version-history":[{"count":0,"href":"https:\/\/fondationlisewatier.com\/en\/wp-json\/wp\/v2\/pages\/5987\/revisions"}],"wp:attachment":[{"href":"https:\/\/fondationlisewatier.com\/en\/wp-json\/wp\/v2\/media?parent=5987"}],"curies":[{"name":"wp","href":"https:\/\/api.w.org\/{rel}","templated":true}]}}