{"id":6964,"date":"2024-02-01T13:54:53","date_gmt":"2024-02-01T18:54:53","guid":{"rendered":"https:\/\/fondationlisewatier.com\/?page_id=6964"},"modified":"2026-03-13T07:09:09","modified_gmt":"2026-03-13T12:09:09","slug":"chantal-durivage","status":"publish","type":"page","link":"https:\/\/fondationlisewatier.com\/en\/support-the-foundation\/believe-in-her\/chantal-durivage\/","title":{"rendered":"Chantal Durivage"},"content":{"rendered":"\n        <div class=\"hero hero-v2 alignfull\" id=\"hero--hero-flw-block_b06b0497b81e90513612e26ee29e0c22\">\n        <div class=\"hero__content\">\n\n            <div class=\"wp-block-columns\">\n                <div class=\"wp-block-column is-vertically-aligned-top\">\n                    <figure class=\"wp-block-image size-large\">\n                        <img decoding=\"async\" width=\"1063\" height=\"593\" src=\"https:\/\/fondationlisewatier.com\/wp-content\/uploads\/2023\/01\/FLW-Heroe-ENG.svg\" class=\"attachment-full size-full\" alt=\"\" style=\"width:100%;height:55.79%;max-width:1063px;\" \/>                    <\/figure>\n                                    <\/div>\n                <div class=\"wp-block-column is-vertically-aligned-bottom\">\n                    <div class=\"breadcrumb\"><ul id=\"flw-breadcrumb\" class=\"flw-breadcrumb\"><li class=\"item\"><a href=\"https:\/\/fondationlisewatier.com\/en\/\">Home<\/a><\/li><li class=\"separator\"><span class=\"icon-arrow-forward\"><\/span><\/li><\/ul><\/div>\n                    <div class=\"hero__text\"><h1>Chantal Durivage<\/h1>\n<p>Each donation makes it easier for women to succeed in their new professional project.<\/p>\n<\/div>\n                    <div class=\"hero__bouttons\">\n                                                    <div class=\"wp-block-button is-style-fuchsia\">\n                                <a href=\" https:\/\/wl.donorperfect.net\/weblink\/WebLink.aspx?name=E910275QF&#038;id=72\" class=\"wp-block-button__link\">Donate<\/a>\n                            <\/div>\n                                                                    <\/div>\n                <\/div>\n\n            <\/div>\n        <\/div>\n                    <div class=\"hero__share\">\n                                    <a href=\"https:\/\/www.facebook.com\/sharer\/sharer.php?u=https%3A%2F%2Fwww.facebook.com%2Fshare%2Fv%2F1CGj5PHj7D%2F\" class=\"hero__share-facebook\" target=\"_blank\">\n                        <figure class=\"wp-block-image size-large\">\n                            <img decoding=\"async\" src=\"\/wp-content\/themes\/flw-theme\/assets\/images\/peer-facebook.svg\" alt=\"Facebook\">\n                        <\/figure>\n                    <\/a>\n                                                    <a href=\"http:\/\/www.linkedin.com\/shareArticle?mini=true&#038;url=https%3A%2F%2Fwww.linkedin.com%2Ffeed%2Fupdate%2Furn%3Ali%3Aactivity%3A7435308731569152000&#038;title=\" class=\"hero__share-facebook\" target=\"_blank\">\n                        <figure class=\"wp-block-image size-large\">\n                            <img decoding=\"async\" src=\"\/wp-content\/themes\/flw-theme\/assets\/images\/peer-linkedin.svg\" alt=\"Linkedin\">\n                        <\/figure>\n                    <\/a>\n                            <\/div>\n            <\/div>\n\n    \n\n\n<div class=\"wp-block-columns is-layout-flex wp-container-core-columns-is-layout-9d6595d7 wp-block-columns-is-layout-flex\" id=\"simplyk-form\">\n<div class=\"wp-block-column is-layout-flow wp-block-column-is-layout-flow\" style=\"flex-basis:33.33%\">\n<div class=\"wp-block-group is-style-fond-rose\"><div class=\"wp-block-group__inner-container is-layout-flow wp-block-group-is-layout-flow\"><div class=\"wp-block-image\">\n<figure class=\"aligncenter size-full is-resized\"><img decoding=\"async\" width=\"600\" height=\"600\" src=\"https:\/\/fondationlisewatier.com\/wp-content\/uploads\/2024\/02\/FLW-Chantal-Durivage-CroireEnElles_ENG.png\" alt=\"\" class=\"wp-image-6961\" style=\"width:299px;height:299px\" srcset=\"https:\/\/fondationlisewatier.com\/wp-content\/uploads\/2024\/02\/FLW-Chantal-Durivage-CroireEnElles_ENG.png 600w, https:\/\/fondationlisewatier.com\/wp-content\/uploads\/2024\/02\/FLW-Chantal-Durivage-CroireEnElles_ENG-300x300.png 300w, https:\/\/fondationlisewatier.com\/wp-content\/uploads\/2024\/02\/FLW-Chantal-Durivage-CroireEnElles_ENG-150x150.png 150w, https:\/\/fondationlisewatier.com\/wp-content\/uploads\/2024\/02\/FLW-Chantal-Durivage-CroireEnElles_ENG-200x200.png 200w\" sizes=\"(max-width: 600px) 100vw, 600px\" \/><\/figure>\n<\/div>\n\n\n<div style=\"height:32px\" aria-hidden=\"true\" class=\"wp-block-spacer\"><\/div>\n\n\n\n<p>&#8220;I&#8217;ve always felt deeply concerned and involved with the cause of women. Believe in her, a solidarity movement launched by the Lise Watier Foundation, is committed to supporting women in their professional development and promoting their financial autonomy, to help them undertake their quest for change. By joining forces with them, we have the power to make a real impact on women&#8217;s lives, and in many cases, on their families.&#8221;<br><\/p>\n\n\n\n<p><strong>Chantal Durivage<\/strong><br>EVP Creative Affairs &amp; Founder,<br>M.A.D COLLECTIF<\/p>\n<\/div><\/div>\n<\/div>\n\n\n\n<div class=\"wp-block-column is-layout-flow wp-block-column-is-layout-flow\" style=\"flex-basis:66.66%\">\n<!-- Conteneur pour le formulaire UNIQUEMENT -->  \n\n  \n\n<div id=\"donation-form-container\">  \n\n  \n\n      \n\n  \n\n    <!-- Formulaire iframe pour tous les navigateurs SAUF iOS -->  \n\n  \n\n    <div id=\"iframe-container\" class=\"desktop-android-form\">  \n\n  \n\n        <iframe id=\"donor-perfect-iframe\" src=\"https:\/\/wl.donorperfect.net\/weblink\/weblink.aspx?name=E910275QF&amp;id=72\" width=\"100%\" frameborder=\"0\" style=\"border: none; overflow: hidden; display: block; height: 1750px;\">  \n\n  \n\n        <\/iframe>  \n\n  \n\n    <\/div>  \n\n  \n\n      \n\n  \n\n    <!-- Bouton pour iOS uniquement (Safari, Chrome, Firefox, Edge, etc.) -->  \n\n  \n\n    <div id=\"safari-button-container\" class=\"safari-button\" style=\"display: none;\">  \n\n  \n\n        <div style=\"text-align: center; padding: 60px 20px; background-color: #f8f8f8; border-radius: 2px;\">  \n\n  \n\n            <h2 style=\"color: #000000; margin-bottom: 20px; font-size: 28px;\"> Make a donation<\/h2>  \n\n  \n\n            <p style=\"color: #666; margin-bottom: 30px; font-size: 16px; line-height: 1.6;\">  \n\n  \n\n                Your contribution makes a real difference in the lives of women.  \n\n  \n\n            <\/p>  \n\n  \n\n            <a href=\"https:\/\/wl.donorperfect.net\/weblink\/weblink.aspx?name=E910275QF&amp;id=72\" target=\"_blank\" style=\"display: inline-block;   \n\n  \n\n                      background-color: #ec008e;   \n\n  \n\n                      color: white;   \n\n  \n\n                      padding: 18px 50px;   \n\n  \n\n                      text-decoration: none;   \n\n  \n\n                      border-radius: 50px;   \n\n  \n\n                      font-size: 18px;   \n\n  \n\n                      font-weight: bold;  \n\n  \n\n                      box-shadow: 0 4px 15px rgba(236, 0, 142, 0.3);  \n\n  \n\n                      transition: all 0.3s ease;\">  \n\n  \n\n                I make a donation  \n\n  \n\n            <\/a>  \n\n  \n\n        <\/div>  \n\n  \n\n    <\/div>  \n\n  \n\n      \n\n  \n\n<\/div>  \n\n  \n\n   \n\n  \n\n<script>  \n\n  \n\n(function() {  \n\n  \n\n    \/\/ Cibler UNIQUEMENT les \u00e9l\u00e9ments du formulaire  \n\n  \n\n    var iframe = document.querySelector('#donation-form-container #donor-perfect-iframe');  \n\n  \n\n    var iframeContainer = document.querySelector('#donation-form-container #iframe-container');  \n\n  \n\n    var safariButtonContainer = document.querySelector('#donation-form-container #safari-button-container');  \n\n  \n\n      \n\n  \n\n    \/\/ V\u00e9rifier que les \u00e9l\u00e9ments existent avant de continuer  \n\n  \n\n    if (!iframe || !iframeContainer || !safariButtonContainer) {  \n\n  \n\n        console.log('\u00c9l\u00e9ments du formulaire non trouv\u00e9s');  \n\n  \n\n        return;  \n\n  \n\n    }  \n\n  \n\n      \n\n  \n\n    \/\/ D\u00e9tection iOS \u2014 couvre Safari, Chrome, Firefox, Edge et tous les autres  \n\n  \n\n    \/\/ navigateurs sur iPhone, iPad et iPod (tous utilisent WebKit et bloquent  \n\n  \n\n    \/\/ les cookies tiers dans un iframe)  \n\n  \n\n    function isIOS() {  \n\n  \n\n        return \/iphone|ipad|ipod\/i.test(navigator.userAgent) ||  \n\n  \n\n               (navigator.platform === 'MacIntel' && navigator.maxTouchPoints > 1);  \n\n  \n\n    }  \n\n  \n\n      \n\n  \n\n    \/\/ Afficher le bouton pour iOS, iframe pour les autres  \n\n  \n\n    if (isIOS()) {  \n\n  \n\n        iframeContainer.style.display = 'none';  \n\n  \n\n        safariButtonContainer.style.display = 'block';  \n\n  \n\n        console.log('iOS d\u00e9tect\u00e9 - Affichage du bouton');  \n\n  \n\n    } else {  \n\n  \n\n        iframeContainer.style.display = 'block';  \n\n  \n\n        safariButtonContainer.style.display = 'none';  \n\n  \n\n          \n\n  \n\n        \/\/ Fonction pour ajuster la hauteur de l'iframe  \n\n  \n\n        function resizeIframe() {  \n\n  \n\n            try {  \n\n  \n\n                var iframeDoc = iframe.contentDocument || iframe.contentWindow.document;  \n\n  \n\n                if (iframeDoc && iframeDoc.body) {  \n\n  \n\n                    var bodyHeight = iframeDoc.body.scrollHeight;  \n\n  \n\n                    var documentHeight = iframeDoc.documentElement.scrollHeight;  \n\n  \n\n                    var newHeight = Math.max(bodyHeight, documentHeight);  \n\n  \n\n                    newHeight = newHeight + 100;  \n\n  \n\n                      \n\n  \n\n                    if (newHeight > 100) {  \n\n  \n\n                        iframe.style.height = newHeight + 'px';  \n\n  \n\n                    }  \n\n  \n\n                }  \n\n  \n\n            } catch(e) {  \n\n  \n\n                console.log('Cannot access iframe content (CORS restriction).');  \n\n  \n\n            }  \n\n  \n\n        }  \n\n  \n\n          \n\n  \n\n        window.addEventListener('message', function(event) {  \n\n  \n\n            if (event.origin.indexOf('donorperfect.net') !== -1) {  \n\n  \n\n                var height = null;  \n\n  \n\n                  \n\n  \n\n                if (typeof event.data === 'object') {  \n\n  \n\n                    height = event.data.height || event.data.frameHeight || event.data.scrollHeight || event.data.value;  \n\n  \n\n                } else if (typeof event.data === 'number') {  \n\n  \n\n                    height = event.data;  \n\n  \n\n                } else if (typeof event.data === 'string') {  \n\n  \n\n                    var parsed = parseInt(event.data);  \n\n  \n\n                    if (!isNaN(parsed)) {  \n\n  \n\n                        height = parsed;  \n\n  \n\n                    }  \n\n  \n\n                }  \n\n  \n\n                  \n\n  \n\n                if (height && height > 100) {  \n\n  \n\n                    iframe.style.height = height + 'px';  \n\n  \n\n                }  \n\n  \n\n            }  \n\n  \n\n        }, false);  \n\n  \n\n          \n\n  \n\n        var lastHeight = 0;  \n\n  \n\n        function continuousResize() {  \n\n  \n\n            try {  \n\n  \n\n                var iframeDoc = iframe.contentDocument || iframe.contentWindow.document;  \n\n  \n\n                if (iframeDoc && iframeDoc.body) {  \n\n  \n\n                    var currentHeight = Math.max(  \n\n  \n\n                        iframeDoc.body.scrollHeight,  \n\n  \n\n                        iframeDoc.documentElement.scrollHeight  \n\n  \n\n                    );  \n\n  \n\n                      \n\n  \n\n                    if (currentHeight !== lastHeight && currentHeight > 100) {  \n\n  \n\n                        iframe.style.height = (currentHeight + 50) + 'px';  \n\n  \n\n                        lastHeight = currentHeight;  \n\n  \n\n                    }  \n\n  \n\n                }  \n\n  \n\n            } catch(e) {}  \n\n  \n\n        }  \n\n  \n\n          \n\n  \n\n        setInterval(continuousResize, 300);  \n\n  \n\n          \n\n  \n\n        iframe.addEventListener('load', function() {  \n\n  \n\n            setTimeout(resizeIframe, 500);  \n\n  \n\n            setTimeout(resizeIframe, 1000);  \n\n  \n\n            setTimeout(resizeIframe, 2000);  \n\n  \n\n        });  \n\n  \n\n    }  \n\n  \n\n})();  \n\n  \n\n<\/script>  \n\n  \n\n   \n\n  \n\n<style>  \n\n  \n\n#donation-form-container {  \n\n  \n\n    width: 100%;  \n\n  \n\n    margin: 0 auto;  \n\n  \n\n}  \n\n  \n\n   \n\n  \n\n#donor-perfect-iframe {  \n\n  \n\n    transition: height 0.4s ease-in-out;  \n\n  \n\n}  \n\n  \n\n   \n\n  \n\n.safari-button a:hover {  \n\n  \n\n    background-color: #d10080 !important;  \n\n  \n\n    transform: translateY(-2px);  \n\n  \n\n    box-shadow: 0 6px 20px rgba(236, 0, 142, 0.4) !important;  \n\n  \n\n}  \n\n  \n\n   \n\n  \n\n@media (max-width: 480px) {  \n\n  \n\n    .safari-button h2 {  \n\n  \n\n        font-size: 24px !important;  \n\n  \n\n    }  \n\n  \n\n      \n\n  \n\n    .safari-button a {  \n\n  \n\n        padding: 15px 35px !important;  \n\n  \n\n        font-size: 16px !important;  \n\n  \n\n    }  \n\n  \n\n}  \n\n  \n\n<\/style> \n<\/div>\n<\/div>\n","protected":false},"excerpt":{"rendered":"<p>&#8220;I&#8217;ve always felt deeply concerned and involved with the cause of women. Believe in her, a solidarity movement launched by the Lise Watier Foundation, is committed to supporting women in their professional development and promoting their financial autonomy, to help them undertake their quest for change. By joining forces with them, we have the power <a class=\"read_more\" href=\"https:\/\/fondationlisewatier.com\/en\/support-the-foundation\/believe-in-her\/chantal-durivage\/\">&#8230;<\/a><\/p>\n","protected":false},"author":7,"featured_media":6961,"parent":4669,"menu_order":0,"comment_status":"closed","ping_status":"closed","template":"","meta":{"_acf_changed":true,"inline_featured_image":false,"footnotes":""},"class_list":["post-6964","page","type-page","status-publish","has-post-thumbnail","hentry","entry"],"acf":[],"yoast_head":"<!-- This site is optimized with the Yoast SEO plugin v26.5 - https:\/\/yoast.com\/wordpress\/plugins\/seo\/ -->\n<title>Chantal Durivage - Believe in her - Lise Watier Foundation<\/title>\n<meta name=\"description\" content=\"Chantal Durivage supports the Lise Watier Foundation by being an ambassador for the fifth edition of the Believe in her campaign.\" \/>\n<meta name=\"robots\" content=\"index, follow, max-snippet:-1, max-image-preview:large, max-video-preview:-1\" \/>\n<link rel=\"canonical\" href=\"https:\/\/fondationlisewatier.com\/en\/support-the-foundation\/believe-in-her\/chantal-durivage\/\" \/>\n<meta property=\"og:locale\" content=\"en_US\" \/>\n<meta property=\"og:type\" content=\"article\" \/>\n<meta property=\"og:title\" content=\"Chantal Durivage - Believe in her - Lise Watier Foundation\" \/>\n<meta property=\"og:description\" content=\"Chantal Durivage supports the Lise Watier Foundation by being an ambassador for the fifth edition of the Believe in her campaign.\" \/>\n<meta property=\"og:url\" content=\"https:\/\/fondationlisewatier.com\/en\/support-the-foundation\/believe-in-her\/chantal-durivage\/\" \/>\n<meta property=\"og:site_name\" content=\"Fondation Lise Watier\" \/>\n<meta property=\"article:modified_time\" content=\"2026-03-13T12:09:09+00:00\" \/>\n<meta property=\"og:image\" content=\"https:\/\/fondationlisewatier.com\/wp-content\/uploads\/2024\/02\/FLW-Chantal-Durivage-CroireEnElles_ENG.png\" \/>\n\t<meta property=\"og:image:width\" content=\"600\" \/>\n\t<meta property=\"og:image:height\" content=\"600\" \/>\n\t<meta property=\"og:image:type\" content=\"image\/png\" \/>\n<meta name=\"twitter:card\" content=\"summary_large_image\" \/>\n<meta name=\"twitter:label1\" content=\"Est. reading time\" \/>\n\t<meta name=\"twitter:data1\" content=\"1 minute\" \/>\n<script type=\"application\/ld+json\" class=\"yoast-schema-graph\">{\"@context\":\"https:\/\/schema.org\",\"@graph\":[{\"@type\":\"WebPage\",\"@id\":\"https:\/\/fondationlisewatier.com\/en\/support-the-foundation\/believe-in-her\/chantal-durivage\/\",\"url\":\"https:\/\/fondationlisewatier.com\/en\/support-the-foundation\/believe-in-her\/chantal-durivage\/\",\"name\":\"Chantal Durivage - Believe in her - Lise Watier Foundation\",\"isPartOf\":{\"@id\":\"https:\/\/fondationlisewatier.com\/#website\"},\"primaryImageOfPage\":{\"@id\":\"https:\/\/fondationlisewatier.com\/en\/support-the-foundation\/believe-in-her\/chantal-durivage\/#primaryimage\"},\"image\":{\"@id\":\"https:\/\/fondationlisewatier.com\/en\/support-the-foundation\/believe-in-her\/chantal-durivage\/#primaryimage\"},\"thumbnailUrl\":\"https:\/\/fondationlisewatier.com\/wp-content\/uploads\/2024\/02\/FLW-Chantal-Durivage-CroireEnElles_ENG.png\",\"datePublished\":\"2024-02-01T18:54:53+00:00\",\"dateModified\":\"2026-03-13T12:09:09+00:00\",\"description\":\"Chantal Durivage supports the Lise Watier Foundation by being an ambassador for the fifth edition of the Believe in her campaign.\",\"breadcrumb\":{\"@id\":\"https:\/\/fondationlisewatier.com\/en\/support-the-foundation\/believe-in-her\/chantal-durivage\/#breadcrumb\"},\"inLanguage\":\"en-US\",\"potentialAction\":[{\"@type\":\"ReadAction\",\"target\":[\"https:\/\/fondationlisewatier.com\/en\/support-the-foundation\/believe-in-her\/chantal-durivage\/\"]}]},{\"@type\":\"ImageObject\",\"inLanguage\":\"en-US\",\"@id\":\"https:\/\/fondationlisewatier.com\/en\/support-the-foundation\/believe-in-her\/chantal-durivage\/#primaryimage\",\"url\":\"https:\/\/fondationlisewatier.com\/wp-content\/uploads\/2024\/02\/FLW-Chantal-Durivage-CroireEnElles_ENG.png\",\"contentUrl\":\"https:\/\/fondationlisewatier.com\/wp-content\/uploads\/2024\/02\/FLW-Chantal-Durivage-CroireEnElles_ENG.png\",\"width\":600,\"height\":600,\"caption\":\"Chantal Durivage EVP Creative Affairs & Founder M.A.D COLLECTIF\"},{\"@type\":\"BreadcrumbList\",\"@id\":\"https:\/\/fondationlisewatier.com\/en\/support-the-foundation\/believe-in-her\/chantal-durivage\/#breadcrumb\",\"itemListElement\":[{\"@type\":\"ListItem\",\"position\":1,\"name\":\"Accueil\",\"item\":\"https:\/\/fondationlisewatier.com\/en\/\"},{\"@type\":\"ListItem\",\"position\":2,\"name\":\"Support the Foundation\",\"item\":\"https:\/\/fondationlisewatier.com\/en\/support-the-foundation\/\"},{\"@type\":\"ListItem\",\"position\":3,\"name\":\"Believe in her\",\"item\":\"https:\/\/fondationlisewatier.com\/en\/support-the-foundation\/believe-in-her\/\"},{\"@type\":\"ListItem\",\"position\":4,\"name\":\"Chantal Durivage\"}]},{\"@type\":\"WebSite\",\"@id\":\"https:\/\/fondationlisewatier.com\/#website\",\"url\":\"https:\/\/fondationlisewatier.com\/\",\"name\":\"Fondation Lise Watier\",\"description\":\"Organisme \u00e0 but non lucratif, la Fondation Lise Watier aide les femmes \u00e0 atteindre l\u2019ind\u00e9pendance financi\u00e8re.\",\"publisher\":{\"@id\":\"https:\/\/fondationlisewatier.com\/#organization\"},\"potentialAction\":[{\"@type\":\"SearchAction\",\"target\":{\"@type\":\"EntryPoint\",\"urlTemplate\":\"https:\/\/fondationlisewatier.com\/?s={search_term_string}\"},\"query-input\":{\"@type\":\"PropertyValueSpecification\",\"valueRequired\":true,\"valueName\":\"search_term_string\"}}],\"inLanguage\":\"en-US\"},{\"@type\":\"Organization\",\"@id\":\"https:\/\/fondationlisewatier.com\/#organization\",\"name\":\"Fondation Lise Watier\",\"url\":\"https:\/\/fondationlisewatier.com\/\",\"logo\":{\"@type\":\"ImageObject\",\"inLanguage\":\"en-US\",\"@id\":\"https:\/\/fondationlisewatier.com\/#\/schema\/logo\/image\/\",\"url\":\"https:\/\/fondationlisewatier.com\/wp-content\/uploads\/2021\/07\/LogoFLW_EN_2021.png\",\"contentUrl\":\"https:\/\/fondationlisewatier.com\/wp-content\/uploads\/2021\/07\/LogoFLW_EN_2021.png\",\"width\":1293,\"height\":342,\"caption\":\"Fondation Lise Watier\"},\"image\":{\"@id\":\"https:\/\/fondationlisewatier.com\/#\/schema\/logo\/image\/\"}}]}<\/script>\n<!-- \/ Yoast SEO plugin. -->","yoast_head_json":{"title":"Chantal Durivage - Believe in her - Lise Watier Foundation","description":"Chantal Durivage supports the Lise Watier Foundation by being an ambassador for the fifth edition of the Believe in her campaign.","robots":{"index":"index","follow":"follow","max-snippet":"max-snippet:-1","max-image-preview":"max-image-preview:large","max-video-preview":"max-video-preview:-1"},"canonical":"https:\/\/fondationlisewatier.com\/en\/support-the-foundation\/believe-in-her\/chantal-durivage\/","og_locale":"en_US","og_type":"article","og_title":"Chantal Durivage - Believe in her - Lise Watier Foundation","og_description":"Chantal Durivage supports the Lise Watier Foundation by being an ambassador for the fifth edition of the Believe in her campaign.","og_url":"https:\/\/fondationlisewatier.com\/en\/support-the-foundation\/believe-in-her\/chantal-durivage\/","og_site_name":"Fondation Lise Watier","article_modified_time":"2026-03-13T12:09:09+00:00","og_image":[{"width":600,"height":600,"url":"https:\/\/fondationlisewatier.com\/wp-content\/uploads\/2024\/02\/FLW-Chantal-Durivage-CroireEnElles_ENG.png","type":"image\/png"}],"twitter_card":"summary_large_image","twitter_misc":{"Est. reading time":"1 minute"},"schema":{"@context":"https:\/\/schema.org","@graph":[{"@type":"WebPage","@id":"https:\/\/fondationlisewatier.com\/en\/support-the-foundation\/believe-in-her\/chantal-durivage\/","url":"https:\/\/fondationlisewatier.com\/en\/support-the-foundation\/believe-in-her\/chantal-durivage\/","name":"Chantal Durivage - Believe in her - Lise Watier Foundation","isPartOf":{"@id":"https:\/\/fondationlisewatier.com\/#website"},"primaryImageOfPage":{"@id":"https:\/\/fondationlisewatier.com\/en\/support-the-foundation\/believe-in-her\/chantal-durivage\/#primaryimage"},"image":{"@id":"https:\/\/fondationlisewatier.com\/en\/support-the-foundation\/believe-in-her\/chantal-durivage\/#primaryimage"},"thumbnailUrl":"https:\/\/fondationlisewatier.com\/wp-content\/uploads\/2024\/02\/FLW-Chantal-Durivage-CroireEnElles_ENG.png","datePublished":"2024-02-01T18:54:53+00:00","dateModified":"2026-03-13T12:09:09+00:00","description":"Chantal Durivage supports the Lise Watier Foundation by being an ambassador for the fifth edition of the Believe in her campaign.","breadcrumb":{"@id":"https:\/\/fondationlisewatier.com\/en\/support-the-foundation\/believe-in-her\/chantal-durivage\/#breadcrumb"},"inLanguage":"en-US","potentialAction":[{"@type":"ReadAction","target":["https:\/\/fondationlisewatier.com\/en\/support-the-foundation\/believe-in-her\/chantal-durivage\/"]}]},{"@type":"ImageObject","inLanguage":"en-US","@id":"https:\/\/fondationlisewatier.com\/en\/support-the-foundation\/believe-in-her\/chantal-durivage\/#primaryimage","url":"https:\/\/fondationlisewatier.com\/wp-content\/uploads\/2024\/02\/FLW-Chantal-Durivage-CroireEnElles_ENG.png","contentUrl":"https:\/\/fondationlisewatier.com\/wp-content\/uploads\/2024\/02\/FLW-Chantal-Durivage-CroireEnElles_ENG.png","width":600,"height":600,"caption":"Chantal Durivage EVP Creative Affairs & Founder M.A.D COLLECTIF"},{"@type":"BreadcrumbList","@id":"https:\/\/fondationlisewatier.com\/en\/support-the-foundation\/believe-in-her\/chantal-durivage\/#breadcrumb","itemListElement":[{"@type":"ListItem","position":1,"name":"Accueil","item":"https:\/\/fondationlisewatier.com\/en\/"},{"@type":"ListItem","position":2,"name":"Support the Foundation","item":"https:\/\/fondationlisewatier.com\/en\/support-the-foundation\/"},{"@type":"ListItem","position":3,"name":"Believe in her","item":"https:\/\/fondationlisewatier.com\/en\/support-the-foundation\/believe-in-her\/"},{"@type":"ListItem","position":4,"name":"Chantal Durivage"}]},{"@type":"WebSite","@id":"https:\/\/fondationlisewatier.com\/#website","url":"https:\/\/fondationlisewatier.com\/","name":"Fondation Lise Watier","description":"Organisme \u00e0 but non lucratif, la Fondation Lise Watier aide les femmes \u00e0 atteindre l\u2019ind\u00e9pendance financi\u00e8re.","publisher":{"@id":"https:\/\/fondationlisewatier.com\/#organization"},"potentialAction":[{"@type":"SearchAction","target":{"@type":"EntryPoint","urlTemplate":"https:\/\/fondationlisewatier.com\/?s={search_term_string}"},"query-input":{"@type":"PropertyValueSpecification","valueRequired":true,"valueName":"search_term_string"}}],"inLanguage":"en-US"},{"@type":"Organization","@id":"https:\/\/fondationlisewatier.com\/#organization","name":"Fondation Lise Watier","url":"https:\/\/fondationlisewatier.com\/","logo":{"@type":"ImageObject","inLanguage":"en-US","@id":"https:\/\/fondationlisewatier.com\/#\/schema\/logo\/image\/","url":"https:\/\/fondationlisewatier.com\/wp-content\/uploads\/2021\/07\/LogoFLW_EN_2021.png","contentUrl":"https:\/\/fondationlisewatier.com\/wp-content\/uploads\/2021\/07\/LogoFLW_EN_2021.png","width":1293,"height":342,"caption":"Fondation Lise Watier"},"image":{"@id":"https:\/\/fondationlisewatier.com\/#\/schema\/logo\/image\/"}}]}},"featured_image_src":"https:\/\/fondationlisewatier.com\/wp-content\/uploads\/2024\/02\/FLW-Chantal-Durivage-CroireEnElles_ENG-600x400.png","featured_image_src_square":"https:\/\/fondationlisewatier.com\/wp-content\/uploads\/2024\/02\/FLW-Chantal-Durivage-CroireEnElles_ENG.png","_links":{"self":[{"href":"https:\/\/fondationlisewatier.com\/en\/wp-json\/wp\/v2\/pages\/6964","targetHints":{"allow":["GET"]}}],"collection":[{"href":"https:\/\/fondationlisewatier.com\/en\/wp-json\/wp\/v2\/pages"}],"about":[{"href":"https:\/\/fondationlisewatier.com\/en\/wp-json\/wp\/v2\/types\/page"}],"author":[{"embeddable":true,"href":"https:\/\/fondationlisewatier.com\/en\/wp-json\/wp\/v2\/users\/7"}],"replies":[{"embeddable":true,"href":"https:\/\/fondationlisewatier.com\/en\/wp-json\/wp\/v2\/comments?post=6964"}],"version-history":[{"count":0,"href":"https:\/\/fondationlisewatier.com\/en\/wp-json\/wp\/v2\/pages\/6964\/revisions"}],"up":[{"embeddable":true,"href":"https:\/\/fondationlisewatier.com\/en\/wp-json\/wp\/v2\/pages\/4669"}],"wp:featuredmedia":[{"embeddable":true,"href":"https:\/\/fondationlisewatier.com\/en\/wp-json\/wp\/v2\/media\/6961"}],"wp:attachment":[{"href":"https:\/\/fondationlisewatier.com\/en\/wp-json\/wp\/v2\/media?parent=6964"}],"curies":[{"name":"wp","href":"https:\/\/api.w.org\/{rel}","templated":true}]}}