{"id":7774,"date":"2024-06-20T12:37:32","date_gmt":"2024-06-20T17:37:32","guid":{"rendered":"https:\/\/fondationlisewatier.com\/?page_id=7774"},"modified":"2025-06-10T09:45:04","modified_gmt":"2025-06-10T14:45:04","slug":"7774-2","status":"publish","type":"page","link":"https:\/\/fondationlisewatier.com\/en\/about-us\/annual-reports\/7774-2\/","title":{"rendered":"Untitled"},"content":{"rendered":"\n        <div class=\"hero alignfull\" id=\"hero--hero-flw-block_95b3e37228a86fc1909a1356a93b49eb\">\n        <div class=\"hero__content\">\n        \n            <div class=\"wp-block-columns\">\n                <div class=\"wp-block-column is-vertically-aligned-center\">\n                    <div class=\"breadcrumb\"><ul id=\"flw-breadcrumb\" class=\"flw-breadcrumb\"><li class=\"item\"><a href=\"https:\/\/fondationlisewatier.com\/en\/\">Home<\/a><\/li><li class=\"separator\"><span class=\"icon-arrow-forward\"><\/span><\/li><\/ul><\/div>\n                    <div class=\"hero__text\"><h2>Thank You to Our Valuable Volunteer Trainers<\/h2>\n<p>During the 2024-2025 year, several volunteer partners generously offered their time to lead workshops and conferences to encourage continuous education among Let&#8217;s Start Up graduates (marketing, finance, cybersecurity, work organization, stress management, etc.). Thank you for your commitment!<\/p>\n<\/div>\n                <\/div>\n                <div class=\"wp-block-column is-vertically-aligned-bottom\">\n                    <figure class=\"wp-block-image size-large\">\n                           \n                    <\/figure>\n                <\/div>\n                    \n            <\/div>\n\n        <\/div>\n    <\/div>\n\n    \n\n\n<p><strong><a href=\"https:\/\/www.linkedin.com\/in\/alienor-deshayes-1a5614345\/\" target=\"_blank\" rel=\"noreferrer noopener\">Alienor Deshaye<\/a><\/strong>, Coach et mentore en d\u00e9veloppement d&#8217;entreprise<strong><br><a href=\"https:\/\/www.linkedin.com\/in\/anick-lepage-0199a2201\/\" target=\"_blank\" rel=\"noreferrer noopener\">Anick Lepage<\/a><\/strong>, Entrepreneure et conseill\u00e8re en s\u00e9curit\u00e9 financi\u00e8re<strong><br>Ariane Lefebvre<\/strong>, Fondatrice, <a href=\"https:\/\/www.linkedin.com\/in\/ariane-lefebvre-\/\" target=\"_blank\" rel=\"noreferrer noopener\">Bar \u00e0 m\u00e9ditation Bloom<\/a><strong><br>Catherine B\u00e9dard<\/strong>, Fondatrice, <a href=\"https:\/\/www.linkedin.com\/in\/catherinebedardcoaching\/\" target=\"_blank\" rel=\"noreferrer noopener\">Catherine B\u00e9dard Coaching<\/a><strong><br><a href=\"https:\/\/www.linkedin.com\/in\/chlo%C3%A9b\/\" target=\"_blank\" rel=\"noreferrer noopener\">Chlo\u00e9 Beauchemin<\/a><\/strong>, Consultante RH<strong><br>Claire Bardin<\/strong>, Fondatrice, <a href=\"https:\/\/www.linkedin.com\/in\/claire-bardin-14b45747\/\" target=\"_blank\" rel=\"noreferrer noopener\">BOR\u00c9ALIE<\/a><strong><span style=\"font-size: medium; white-space-collapse: collapse;\"><\/span><br>Claire Hayek<\/strong>, Fondatrice, <a href=\"http:\/\/Mind. Soul. Purpose (MSP) Teambuilding &amp; Innovation\" target=\"_blank\" rel=\"noreferrer noopener\">Mind. Soul. Purpose (MSP) Teambuilding &amp; Innovation<\/a><strong><br><a href=\"https:\/\/www.linkedin.com\/in\/%C3%A9lodielaflamme-marketing\/\" target=\"_blank\" rel=\"noreferrer noopener\">\u00c9lodie Laflamme<\/a><\/strong>, Formatrice en m\u00e9dias sociaux et strat\u00e9gies business<strong><br><a href=\"https:\/\/www.linkedin.com\/in\/isabelle-matteau-laurier-cirp-sai-1124a021\/\" target=\"_blank\" rel=\"noreferrer noopener\">Isabelle Laurier<\/a><\/strong>, CIRP, SAI, Jean Fortin &amp; Associ\u00e9s<br><strong><a href=\"https:\/\/www.linkedin.com\/in\/krystel-branders-7887692b2\/\" target=\"_blank\" rel=\"noreferrer noopener\">Krystel Branders<\/a><\/strong>, Conseill\u00e8re en insolvabilit\u00e9, Jean Fortin &amp; Associ\u00e9s<br><strong><a href=\"https:\/\/www.linkedin.com\/in\/laraemond\/\" target=\"_blank\" rel=\"noreferrer noopener\">Lara Emond<\/a><\/strong>, CEO et fondatrice, Iris + Arlo<br><strong><a href=\"https:\/\/www.linkedin.com\/in\/lauregoubau\/\" target=\"_blank\" rel=\"noreferrer noopener\">Laure Goubau<\/a><\/strong>, Fondatrice et coach, Gloria<strong><br><a href=\"https:\/\/www.linkedin.com\/in\/maissae-may-ben-tounes-712552170\/\" target=\"_blank\" rel=\"noreferrer noopener\">Maissae Ben Tounes<\/a><\/strong>, Fondatrice et avocate, Aurora Services Juridiques<strong><br><a href=\"https:\/\/www.linkedin.com\/in\/martin-michaud-auteur-seo-redaction-web-blogue\/\" target=\"_blank\" rel=\"noreferrer noopener\">Martin Michaud<\/a><\/strong>, \u00c9diteur en chef, r\u00e9dacteur SEO, Journal Action PME<strong><br><a href=\"https:\/\/www.linkedin.com\/in\/nathalie-niemeyer\/\" target=\"_blank\" rel=\"noreferrer noopener\">Nathalie Niemeyer<\/a><\/strong>, Coach certifi\u00e9e en interventions strat\u00e9giques<strong><br><a href=\"https:\/\/www.linkedin.com\/in\/nathaliequirion\/\" target=\"_blank\" rel=\"noreferrer noopener\">Nathalie Quirion<\/a><\/strong>, Consultante en marketing, en gestion de marque et en num\u00e9rique<strong><br><a href=\"https:\/\/www.linkedin.com\/in\/nava-knafo-a9a44625\/\" target=\"_blank\" rel=\"noreferrer noopener\">Nava Knafo<\/a>, <\/strong>Directrice principale de la gestion des risques, Banque Nationale du Canada<strong><br><a href=\"https:\/\/www.linkedin.com\/in\/sarah-bouchkhi\/\" target=\"_blank\" rel=\"noreferrer noopener\">Sarah Bouchkhi<\/a><\/strong>, Fondatrice, Procoms<strong><br><a href=\"https:\/\/www.linkedin.com\/in\/vlesage\/\" target=\"_blank\" rel=\"noreferrer noopener\">Val\u00e9rie Lesage<\/a><\/strong>, Guide accompagnatrice, ORIA<strong><br><a href=\"https:\/\/www.linkedin.com\/in\/vesnaantwancoaching\/\" target=\"_blank\" rel=\"noreferrer noopener\">Vesna Antwan<\/a><\/strong>, Coach personnel et profesionnel, Coach Vesna Antwan<\/p>\n","protected":false},"excerpt":{"rendered":"<p>Alienor Deshaye, Coach et mentore en d\u00e9veloppement d&#8217;entrepriseAnick Lepage, Entrepreneure et conseill\u00e8re en s\u00e9curit\u00e9 financi\u00e8reAriane Lefebvre, Fondatrice, Bar \u00e0 m\u00e9ditation BloomCatherine B\u00e9dard, Fondatrice, Catherine B\u00e9dard CoachingChlo\u00e9 Beauchemin, Consultante RHClaire Bardin, Fondatrice, BOR\u00c9ALIEClaire Hayek, Fondatrice, Mind. Soul. Purpose (MSP) Teambuilding &amp; Innovation\u00c9lodie Laflamme, Formatrice en m\u00e9dias sociaux et strat\u00e9gies businessIsabelle Laurier, CIRP, SAI, Jean Fortin &amp; <a class=\"read_more\" href=\"https:\/\/fondationlisewatier.com\/en\/about-us\/annual-reports\/7774-2\/\">&#8230;<\/a><\/p>\n","protected":false},"author":12,"featured_media":4494,"parent":1777,"menu_order":0,"comment_status":"closed","ping_status":"closed","template":"","meta":{"_acf_changed":false,"inline_featured_image":false,"footnotes":""},"class_list":["post-7774","page","type-page","status-publish","has-post-thumbnail","hentry","entry"],"acf":[],"yoast_head":"<!-- This site is optimized with the Yoast SEO plugin v26.5 - https:\/\/yoast.com\/wordpress\/plugins\/seo\/ -->\n<title>- Fondation Lise Watier<\/title>\n<meta name=\"description\" content=\"The list of volunteers who provided formations to our Let&#039;s Start Up Pathway participants.\" \/>\n<meta name=\"robots\" content=\"index, follow, max-snippet:-1, max-image-preview:large, max-video-preview:-1\" \/>\n<link rel=\"canonical\" href=\"https:\/\/fondationlisewatier.com\/en\/about-us\/annual-reports\/7774-2\/\" \/>\n<meta property=\"og:locale\" content=\"en_US\" \/>\n<meta property=\"og:type\" content=\"article\" \/>\n<meta property=\"og:title\" content=\"- Fondation Lise Watier\" \/>\n<meta property=\"og:description\" content=\"The list of volunteers who provided formations to our Let&#039;s Start Up Pathway participants.\" \/>\n<meta property=\"og:url\" content=\"https:\/\/fondationlisewatier.com\/en\/about-us\/annual-reports\/7774-2\/\" \/>\n<meta property=\"og:site_name\" content=\"Fondation Lise Watier\" \/>\n<meta property=\"article:modified_time\" content=\"2025-06-10T14:45:04+00:00\" \/>\n<meta property=\"og:image\" content=\"https:\/\/fondationlisewatier.com\/wp-content\/uploads\/2022\/07\/LogoFLW_EN.png\" \/>\n\t<meta property=\"og:image:width\" content=\"1293\" \/>\n\t<meta property=\"og:image:height\" content=\"342\" \/>\n\t<meta property=\"og:image:type\" content=\"image\/png\" \/>\n<meta name=\"twitter:card\" content=\"summary_large_image\" \/>\n<meta name=\"twitter:label1\" content=\"Est. reading time\" \/>\n\t<meta name=\"twitter:data1\" content=\"1 minute\" \/>\n<script type=\"application\/ld+json\" class=\"yoast-schema-graph\">{\"@context\":\"https:\/\/schema.org\",\"@graph\":[{\"@type\":\"WebPage\",\"@id\":\"https:\/\/fondationlisewatier.com\/en\/about-us\/annual-reports\/7774-2\/\",\"url\":\"https:\/\/fondationlisewatier.com\/en\/about-us\/annual-reports\/7774-2\/\",\"name\":\"- Fondation Lise Watier\",\"isPartOf\":{\"@id\":\"https:\/\/fondationlisewatier.com\/#website\"},\"primaryImageOfPage\":{\"@id\":\"https:\/\/fondationlisewatier.com\/en\/about-us\/annual-reports\/7774-2\/#primaryimage\"},\"image\":{\"@id\":\"https:\/\/fondationlisewatier.com\/en\/about-us\/annual-reports\/7774-2\/#primaryimage\"},\"thumbnailUrl\":\"https:\/\/fondationlisewatier.com\/wp-content\/uploads\/2022\/07\/LogoFLW_EN.png\",\"datePublished\":\"2024-06-20T17:37:32+00:00\",\"dateModified\":\"2025-06-10T14:45:04+00:00\",\"description\":\"The list of volunteers who provided formations to our Let's Start Up Pathway participants.\",\"breadcrumb\":{\"@id\":\"https:\/\/fondationlisewatier.com\/en\/about-us\/annual-reports\/7774-2\/#breadcrumb\"},\"inLanguage\":\"en-US\",\"potentialAction\":[{\"@type\":\"ReadAction\",\"target\":[\"https:\/\/fondationlisewatier.com\/en\/about-us\/annual-reports\/7774-2\/\"]}]},{\"@type\":\"ImageObject\",\"inLanguage\":\"en-US\",\"@id\":\"https:\/\/fondationlisewatier.com\/en\/about-us\/annual-reports\/7774-2\/#primaryimage\",\"url\":\"https:\/\/fondationlisewatier.com\/wp-content\/uploads\/2022\/07\/LogoFLW_EN.png\",\"contentUrl\":\"https:\/\/fondationlisewatier.com\/wp-content\/uploads\/2022\/07\/LogoFLW_EN.png\",\"width\":1293,\"height\":342},{\"@type\":\"BreadcrumbList\",\"@id\":\"https:\/\/fondationlisewatier.com\/en\/about-us\/annual-reports\/7774-2\/#breadcrumb\",\"itemListElement\":[{\"@type\":\"ListItem\",\"position\":1,\"name\":\"Accueil\",\"item\":\"https:\/\/fondationlisewatier.com\/en\/\"},{\"@type\":\"ListItem\",\"position\":2,\"name\":\"About us\",\"item\":\"https:\/\/fondationlisewatier.com\/en\/about-us\/\"},{\"@type\":\"ListItem\",\"position\":3,\"name\":\"Annual reports\",\"item\":\"https:\/\/fondationlisewatier.com\/en\/about-us\/annual-reports\/\"},{\"@type\":\"ListItem\",\"position\":4,\"name\":\"Sans titre\"}]},{\"@type\":\"WebSite\",\"@id\":\"https:\/\/fondationlisewatier.com\/#website\",\"url\":\"https:\/\/fondationlisewatier.com\/\",\"name\":\"Fondation Lise Watier\",\"description\":\"Organisme \u00e0 but non lucratif, la Fondation Lise Watier aide les femmes \u00e0 atteindre l\u2019ind\u00e9pendance financi\u00e8re.\",\"publisher\":{\"@id\":\"https:\/\/fondationlisewatier.com\/#organization\"},\"potentialAction\":[{\"@type\":\"SearchAction\",\"target\":{\"@type\":\"EntryPoint\",\"urlTemplate\":\"https:\/\/fondationlisewatier.com\/?s={search_term_string}\"},\"query-input\":{\"@type\":\"PropertyValueSpecification\",\"valueRequired\":true,\"valueName\":\"search_term_string\"}}],\"inLanguage\":\"en-US\"},{\"@type\":\"Organization\",\"@id\":\"https:\/\/fondationlisewatier.com\/#organization\",\"name\":\"Fondation Lise Watier\",\"url\":\"https:\/\/fondationlisewatier.com\/\",\"logo\":{\"@type\":\"ImageObject\",\"inLanguage\":\"en-US\",\"@id\":\"https:\/\/fondationlisewatier.com\/#\/schema\/logo\/image\/\",\"url\":\"https:\/\/fondationlisewatier.com\/wp-content\/uploads\/2021\/07\/LogoFLW_EN_2021.png\",\"contentUrl\":\"https:\/\/fondationlisewatier.com\/wp-content\/uploads\/2021\/07\/LogoFLW_EN_2021.png\",\"width\":1293,\"height\":342,\"caption\":\"Fondation Lise Watier\"},\"image\":{\"@id\":\"https:\/\/fondationlisewatier.com\/#\/schema\/logo\/image\/\"}}]}<\/script>\n<!-- \/ Yoast SEO plugin. -->","yoast_head_json":{"title":"- Fondation Lise Watier","description":"The list of volunteers who provided formations to our Let's Start Up Pathway participants.","robots":{"index":"index","follow":"follow","max-snippet":"max-snippet:-1","max-image-preview":"max-image-preview:large","max-video-preview":"max-video-preview:-1"},"canonical":"https:\/\/fondationlisewatier.com\/en\/about-us\/annual-reports\/7774-2\/","og_locale":"en_US","og_type":"article","og_title":"- Fondation Lise Watier","og_description":"The list of volunteers who provided formations to our Let's Start Up Pathway participants.","og_url":"https:\/\/fondationlisewatier.com\/en\/about-us\/annual-reports\/7774-2\/","og_site_name":"Fondation Lise Watier","article_modified_time":"2025-06-10T14:45:04+00:00","og_image":[{"width":1293,"height":342,"url":"https:\/\/fondationlisewatier.com\/wp-content\/uploads\/2022\/07\/LogoFLW_EN.png","type":"image\/png"}],"twitter_card":"summary_large_image","twitter_misc":{"Est. reading time":"1 minute"},"schema":{"@context":"https:\/\/schema.org","@graph":[{"@type":"WebPage","@id":"https:\/\/fondationlisewatier.com\/en\/about-us\/annual-reports\/7774-2\/","url":"https:\/\/fondationlisewatier.com\/en\/about-us\/annual-reports\/7774-2\/","name":"- Fondation Lise Watier","isPartOf":{"@id":"https:\/\/fondationlisewatier.com\/#website"},"primaryImageOfPage":{"@id":"https:\/\/fondationlisewatier.com\/en\/about-us\/annual-reports\/7774-2\/#primaryimage"},"image":{"@id":"https:\/\/fondationlisewatier.com\/en\/about-us\/annual-reports\/7774-2\/#primaryimage"},"thumbnailUrl":"https:\/\/fondationlisewatier.com\/wp-content\/uploads\/2022\/07\/LogoFLW_EN.png","datePublished":"2024-06-20T17:37:32+00:00","dateModified":"2025-06-10T14:45:04+00:00","description":"The list of volunteers who provided formations to our Let's Start Up Pathway participants.","breadcrumb":{"@id":"https:\/\/fondationlisewatier.com\/en\/about-us\/annual-reports\/7774-2\/#breadcrumb"},"inLanguage":"en-US","potentialAction":[{"@type":"ReadAction","target":["https:\/\/fondationlisewatier.com\/en\/about-us\/annual-reports\/7774-2\/"]}]},{"@type":"ImageObject","inLanguage":"en-US","@id":"https:\/\/fondationlisewatier.com\/en\/about-us\/annual-reports\/7774-2\/#primaryimage","url":"https:\/\/fondationlisewatier.com\/wp-content\/uploads\/2022\/07\/LogoFLW_EN.png","contentUrl":"https:\/\/fondationlisewatier.com\/wp-content\/uploads\/2022\/07\/LogoFLW_EN.png","width":1293,"height":342},{"@type":"BreadcrumbList","@id":"https:\/\/fondationlisewatier.com\/en\/about-us\/annual-reports\/7774-2\/#breadcrumb","itemListElement":[{"@type":"ListItem","position":1,"name":"Accueil","item":"https:\/\/fondationlisewatier.com\/en\/"},{"@type":"ListItem","position":2,"name":"About us","item":"https:\/\/fondationlisewatier.com\/en\/about-us\/"},{"@type":"ListItem","position":3,"name":"Annual reports","item":"https:\/\/fondationlisewatier.com\/en\/about-us\/annual-reports\/"},{"@type":"ListItem","position":4,"name":"Sans titre"}]},{"@type":"WebSite","@id":"https:\/\/fondationlisewatier.com\/#website","url":"https:\/\/fondationlisewatier.com\/","name":"Fondation Lise Watier","description":"Organisme \u00e0 but non lucratif, la Fondation Lise Watier aide les femmes \u00e0 atteindre l\u2019ind\u00e9pendance financi\u00e8re.","publisher":{"@id":"https:\/\/fondationlisewatier.com\/#organization"},"potentialAction":[{"@type":"SearchAction","target":{"@type":"EntryPoint","urlTemplate":"https:\/\/fondationlisewatier.com\/?s={search_term_string}"},"query-input":{"@type":"PropertyValueSpecification","valueRequired":true,"valueName":"search_term_string"}}],"inLanguage":"en-US"},{"@type":"Organization","@id":"https:\/\/fondationlisewatier.com\/#organization","name":"Fondation Lise Watier","url":"https:\/\/fondationlisewatier.com\/","logo":{"@type":"ImageObject","inLanguage":"en-US","@id":"https:\/\/fondationlisewatier.com\/#\/schema\/logo\/image\/","url":"https:\/\/fondationlisewatier.com\/wp-content\/uploads\/2021\/07\/LogoFLW_EN_2021.png","contentUrl":"https:\/\/fondationlisewatier.com\/wp-content\/uploads\/2021\/07\/LogoFLW_EN_2021.png","width":1293,"height":342,"caption":"Fondation Lise Watier"},"image":{"@id":"https:\/\/fondationlisewatier.com\/#\/schema\/logo\/image\/"}}]}},"featured_image_src":"https:\/\/fondationlisewatier.com\/wp-content\/uploads\/2022\/07\/LogoFLW_EN-600x342.png","featured_image_src_square":"https:\/\/fondationlisewatier.com\/wp-content\/uploads\/2022\/07\/LogoFLW_EN-600x342.png","_links":{"self":[{"href":"https:\/\/fondationlisewatier.com\/en\/wp-json\/wp\/v2\/pages\/7774","targetHints":{"allow":["GET"]}}],"collection":[{"href":"https:\/\/fondationlisewatier.com\/en\/wp-json\/wp\/v2\/pages"}],"about":[{"href":"https:\/\/fondationlisewatier.com\/en\/wp-json\/wp\/v2\/types\/page"}],"author":[{"embeddable":true,"href":"https:\/\/fondationlisewatier.com\/en\/wp-json\/wp\/v2\/users\/12"}],"replies":[{"embeddable":true,"href":"https:\/\/fondationlisewatier.com\/en\/wp-json\/wp\/v2\/comments?post=7774"}],"version-history":[{"count":0,"href":"https:\/\/fondationlisewatier.com\/en\/wp-json\/wp\/v2\/pages\/7774\/revisions"}],"up":[{"embeddable":true,"href":"https:\/\/fondationlisewatier.com\/en\/wp-json\/wp\/v2\/pages\/1777"}],"wp:featuredmedia":[{"embeddable":true,"href":"https:\/\/fondationlisewatier.com\/en\/wp-json\/wp\/v2\/media\/4494"}],"wp:attachment":[{"href":"https:\/\/fondationlisewatier.com\/en\/wp-json\/wp\/v2\/media?parent=7774"}],"curies":[{"name":"wp","href":"https:\/\/api.w.org\/{rel}","templated":true}]}}