{"id":9869,"date":"2025-03-17T10:51:41","date_gmt":"2025-03-17T15:51:41","guid":{"rendered":"https:\/\/fondationlisewatier.com\/?page_id=9869"},"modified":"2025-03-17T10:52:38","modified_gmt":"2025-03-17T15:52:38","slug":"mariotesten","status":"publish","type":"page","link":"https:\/\/fondationlisewatier.com\/en\/mariotesten\/","title":{"rendered":"MarioTestEN"},"content":{"rendered":"\n<div class=\"md-carousel\"><div class=\"md-slide\"><a href=\"https:\/\/www.bnc.ca\/\" target=\"_blank\"><img decoding=\"async\" src=\"https:\/\/fondationlisewatier.com\/wp-content\/uploads\/2025\/05\/Logo-BNC-2025_ENG.png\" alt=\"Banque Nationale\" \/><\/a><\/div><div class=\"md-slide\"><a href=\"https:\/\/fmlsaputo.org\/\" target=\"_blank\"><img decoding=\"async\" src=\"https:\/\/fondationlisewatier.com\/wp-content\/uploads\/2021\/07\/Logo-Fondation-MLS_RGB-Mirella-et-Lino-Saputo.png\" alt=\"Fondation Mirella et Lino Saputo\" \/><\/a><\/div><div class=\"md-slide\"><a href=\"https:\/\/www.groupemarcelle.com\/\" target=\"_blank\"><img decoding=\"async\" src=\"https:\/\/fondationlisewatier.com\/wp-content\/uploads\/2021\/08\/groupe_marcelle_cosmetics_noir_fond_blanc.jpg\" alt=\"Groupe Marcelle\" \/><\/a><\/div><div class=\"md-slide\"><a href=\"https:\/\/leap-pecautcentre.ca\/\" target=\"_blank\"><img decoding=\"async\" src=\"https:\/\/fondationlisewatier.com\/wp-content\/uploads\/2025\/05\/LEAP-logo-v2-01_Original.png\" alt=\"Leap\" \/><\/a><\/div><div class=\"md-slide\"><a href=\"https:\/\/montreal.ca\/\" target=\"_blank\"><img decoding=\"async\" src=\"https:\/\/fondationlisewatier.com\/wp-content\/uploads\/2025\/03\/Logos-Site-Web-Fondation-Lise-Watier-Ville-de-Montreal.png\" alt=\"Ville de Montr\u00e9al\" \/><\/a><\/div><div class=\"md-slide\"><a href=\"https:\/\/www.rbc.com\/francais\/about-rbc.html\" target=\"_blank\"><img decoding=\"async\" src=\"https:\/\/fondationlisewatier.com\/wp-content\/uploads\/2021\/07\/RBC-Foundation-Logo.png\" alt=\"RBC Foundation\" \/><\/a><\/div><div class=\"md-slide\"><a href=\"https:\/\/www.linkedin.com\/company\/therossyfoundation\/\" target=\"_blank\"><img decoding=\"async\" src=\"https:\/\/fondationlisewatier.com\/wp-content\/uploads\/2021\/08\/The-Rossy-Foundation-logo.jpg\" alt=\"Rossy Foundation\" \/><\/a><\/div><div class=\"md-slide\"><a href=\"https:\/\/sanimax.com\/\" target=\"_blank\"><img decoding=\"async\" src=\"https:\/\/fondationlisewatier.com\/wp-content\/uploads\/2021\/11\/SANIMAX-horizontal_LOGO_color_rgb.png\" alt=\"Sanimax\" \/><\/a><\/div><div class=\"md-slide\"><a href=\"https:\/\/www.scotiabank.com\/ca\/fr\/particuliers.html\" target=\"_blank\"><img decoding=\"async\" src=\"https:\/\/fondationlisewatier.com\/wp-content\/uploads\/2025\/10\/Banque-Scotia_ENG-1.png\" alt=\"Banque Scotia\" \/><\/a><\/div><div class=\"md-slide\"><a href=\"https:\/\/www.cdpq.com\/fr\" target=\"_blank\"><img decoding=\"async\" src=\"https:\/\/fondationlisewatier.com\/wp-content\/uploads\/2025\/05\/LaCaisse_Logo_Noir.png\" alt=\"CDPQ\" \/><\/a><\/div><div class=\"md-slide\"><a href=\"https:\/\/www.td.com\/ca\/fr\/services-bancaires-personnels\/\" target=\"_blank\"><img decoding=\"async\" src=\"https:\/\/fondationlisewatier.com\/wp-content\/uploads\/2022\/04\/TD-READY-COMMITMENT_LOCKUP_COL_RGB_EN.png\" alt=\"TD Pr\u00eat \u00e0 agir\" \/><\/a><\/div><div class=\"md-slide\"><a href=\"https:\/\/www.cgi.com\/fr\" target=\"_blank\"><img decoding=\"async\" src=\"https:\/\/fondationlisewatier.com\/wp-content\/uploads\/2026\/04\/CGI-2.png\" alt=\"CGI\" \/><\/a><\/div><div class=\"md-slide\"><a href=\"https:\/\/www.desjardins.com\/qc\/fr.html\" target=\"_blank\"><img decoding=\"async\" src=\"https:\/\/fondationlisewatier.com\/wp-content\/uploads\/2026\/04\/Desjardins.png\" alt=\"Desjardins\" \/><\/a><\/div><div class=\"md-slide\"><a href=\"https:\/\/www.fbngp.ca\/conseiller\/equipe-de-gestion-de-patrimoine-integree-guy-cote.html\" target=\"_blank\"><img decoding=\"async\" src=\"https:\/\/fondationlisewatier.com\/wp-content\/uploads\/2025\/05\/Logo-FBN-Guy-Cote-30-ans_ENG.png\" alt=\"Financi\u00e8re Banque Nationale \u00c9quipe Guy C\u00f4t\u00e9\" \/><\/a><\/div><div class=\"md-slide\"><a href=\"https:\/\/www.jadeseve.com\/\" target=\"_blank\"><img decoding=\"async\" src=\"https:\/\/fondationlisewatier.com\/wp-content\/uploads\/2021\/09\/Fondation-J.A.-DeSe\u0300ve.jpg\" alt=\"Fondation JA DeS\u00e8ve\" \/><\/a><\/div><div class=\"md-slide\"><a href=\"https:\/\/www.lavieenrose.com\/fr\" target=\"_blank\"><img decoding=\"async\" src=\"https:\/\/fondationlisewatier.com\/wp-content\/uploads\/2024\/02\/LVER_Logo_rose_noir-1.png\" alt=\"La Vie en Rose\" \/><\/a><\/div><div class=\"md-slide\"><a href=\"https:\/\/www.powercorporation.com\/fr\/\" target=\"_blank\"><img decoding=\"async\" src=\"https:\/\/fondationlisewatier.com\/wp-content\/uploads\/2025\/04\/PCC_Sponsor_ENG_Align_3lines_Colour.png\" alt=\"Power Corporation\" \/><\/a><\/div><div class=\"md-slide\"><a href=\"https:\/\/kpmg.com\/ca\/fr.html\" target=\"_blank\"><img decoding=\"async\" src=\"https:\/\/fondationlisewatier.com\/wp-content\/uploads\/2026\/04\/KPMG.png\" alt=\"KPMG\" \/><\/a><\/div><div class=\"md-slide\"><a href=\"https:\/\/www.successfinder.com\/fr\" target=\"_blank\"><img decoding=\"async\" src=\"https:\/\/fondationlisewatier.com\/wp-content\/uploads\/2021\/07\/SuccessFinder-Logo_Horizontal_RGB_Noir-01.png\" alt=\"Success Finder\" \/><\/a><\/div><div class=\"md-slide\"><a href=\"https:\/\/novacapcorp.com\/fr\/accueil\/\" target=\"_blank\"><img decoding=\"async\" src=\"https:\/\/fondationlisewatier.com\/wp-content\/uploads\/2026\/04\/Novacap-1.png\" alt=\"Novacap\" \/><\/a><\/div><div class=\"md-slide\"><a href=\"https:\/\/www.pwc.com\/ca\/fr\" target=\"_blank\"><img decoding=\"async\" src=\"https:\/\/fondationlisewatier.com\/wp-content\/uploads\/2026\/04\/PwC.png\" alt=\"PwC\" \/><\/a><\/div><div class=\"md-slide\"><a href=\"https:\/\/www.wsp.com\/fr-ca\/\" target=\"_blank\"><img decoding=\"async\" src=\"https:\/\/fondationlisewatier.com\/wp-content\/uploads\/2026\/04\/WSP.png\" alt=\"WSP\" \/><\/a><\/div><\/div>\n","protected":false},"excerpt":{"rendered":"","protected":false},"author":7,"featured_media":0,"parent":0,"menu_order":0,"comment_status":"closed","ping_status":"closed","template":"","meta":{"_acf_changed":false,"inline_featured_image":false,"footnotes":""},"class_list":["post-9869","page","type-page","status-publish","hentry","entry"],"acf":[],"yoast_head":"<!-- This site is optimized with the Yoast SEO plugin v26.5 - https:\/\/yoast.com\/wordpress\/plugins\/seo\/ -->\n<title>MarioTestEN - Fondation Lise Watier<\/title>\n<meta name=\"robots\" content=\"index, follow, max-snippet:-1, max-image-preview:large, max-video-preview:-1\" \/>\n<link rel=\"canonical\" href=\"https:\/\/fondationlisewatier.com\/en\/mariotesten\/\" \/>\n<meta property=\"og:locale\" content=\"en_US\" \/>\n<meta property=\"og:type\" content=\"article\" \/>\n<meta property=\"og:title\" content=\"MarioTestEN - Fondation Lise Watier\" \/>\n<meta property=\"og:url\" content=\"https:\/\/fondationlisewatier.com\/en\/mariotesten\/\" \/>\n<meta property=\"og:site_name\" content=\"Fondation Lise Watier\" \/>\n<meta property=\"article:modified_time\" content=\"2025-03-17T15:52:38+00:00\" \/>\n<meta name=\"twitter:card\" content=\"summary_large_image\" \/>\n<meta name=\"twitter:label1\" content=\"Est. reading time\" \/>\n\t<meta name=\"twitter:data1\" content=\"1 minute\" \/>\n<script type=\"application\/ld+json\" class=\"yoast-schema-graph\">{\"@context\":\"https:\/\/schema.org\",\"@graph\":[{\"@type\":\"WebPage\",\"@id\":\"https:\/\/fondationlisewatier.com\/en\/mariotesten\/\",\"url\":\"https:\/\/fondationlisewatier.com\/en\/mariotesten\/\",\"name\":\"MarioTestEN - Fondation Lise Watier\",\"isPartOf\":{\"@id\":\"https:\/\/fondationlisewatier.com\/#website\"},\"datePublished\":\"2025-03-17T15:51:41+00:00\",\"dateModified\":\"2025-03-17T15:52:38+00:00\",\"breadcrumb\":{\"@id\":\"https:\/\/fondationlisewatier.com\/en\/mariotesten\/#breadcrumb\"},\"inLanguage\":\"en-US\",\"potentialAction\":[{\"@type\":\"ReadAction\",\"target\":[\"https:\/\/fondationlisewatier.com\/en\/mariotesten\/\"]}]},{\"@type\":\"BreadcrumbList\",\"@id\":\"https:\/\/fondationlisewatier.com\/en\/mariotesten\/#breadcrumb\",\"itemListElement\":[{\"@type\":\"ListItem\",\"position\":1,\"name\":\"Accueil\",\"item\":\"https:\/\/fondationlisewatier.com\/en\/\"},{\"@type\":\"ListItem\",\"position\":2,\"name\":\"MarioTestEN\"}]},{\"@type\":\"WebSite\",\"@id\":\"https:\/\/fondationlisewatier.com\/#website\",\"url\":\"https:\/\/fondationlisewatier.com\/\",\"name\":\"Fondation Lise Watier\",\"description\":\"Organisme \u00e0 but non lucratif, la Fondation Lise Watier aide les femmes \u00e0 atteindre l\u2019ind\u00e9pendance financi\u00e8re.\",\"publisher\":{\"@id\":\"https:\/\/fondationlisewatier.com\/#organization\"},\"potentialAction\":[{\"@type\":\"SearchAction\",\"target\":{\"@type\":\"EntryPoint\",\"urlTemplate\":\"https:\/\/fondationlisewatier.com\/?s={search_term_string}\"},\"query-input\":{\"@type\":\"PropertyValueSpecification\",\"valueRequired\":true,\"valueName\":\"search_term_string\"}}],\"inLanguage\":\"en-US\"},{\"@type\":\"Organization\",\"@id\":\"https:\/\/fondationlisewatier.com\/#organization\",\"name\":\"Fondation Lise Watier\",\"url\":\"https:\/\/fondationlisewatier.com\/\",\"logo\":{\"@type\":\"ImageObject\",\"inLanguage\":\"en-US\",\"@id\":\"https:\/\/fondationlisewatier.com\/#\/schema\/logo\/image\/\",\"url\":\"https:\/\/fondationlisewatier.com\/wp-content\/uploads\/2021\/07\/LogoFLW_EN_2021.png\",\"contentUrl\":\"https:\/\/fondationlisewatier.com\/wp-content\/uploads\/2021\/07\/LogoFLW_EN_2021.png\",\"width\":1293,\"height\":342,\"caption\":\"Fondation Lise Watier\"},\"image\":{\"@id\":\"https:\/\/fondationlisewatier.com\/#\/schema\/logo\/image\/\"}}]}<\/script>\n<!-- \/ Yoast SEO plugin. -->","yoast_head_json":{"title":"MarioTestEN - Fondation Lise Watier","robots":{"index":"index","follow":"follow","max-snippet":"max-snippet:-1","max-image-preview":"max-image-preview:large","max-video-preview":"max-video-preview:-1"},"canonical":"https:\/\/fondationlisewatier.com\/en\/mariotesten\/","og_locale":"en_US","og_type":"article","og_title":"MarioTestEN - Fondation Lise Watier","og_url":"https:\/\/fondationlisewatier.com\/en\/mariotesten\/","og_site_name":"Fondation Lise Watier","article_modified_time":"2025-03-17T15:52:38+00:00","twitter_card":"summary_large_image","twitter_misc":{"Est. reading time":"1 minute"},"schema":{"@context":"https:\/\/schema.org","@graph":[{"@type":"WebPage","@id":"https:\/\/fondationlisewatier.com\/en\/mariotesten\/","url":"https:\/\/fondationlisewatier.com\/en\/mariotesten\/","name":"MarioTestEN - Fondation Lise Watier","isPartOf":{"@id":"https:\/\/fondationlisewatier.com\/#website"},"datePublished":"2025-03-17T15:51:41+00:00","dateModified":"2025-03-17T15:52:38+00:00","breadcrumb":{"@id":"https:\/\/fondationlisewatier.com\/en\/mariotesten\/#breadcrumb"},"inLanguage":"en-US","potentialAction":[{"@type":"ReadAction","target":["https:\/\/fondationlisewatier.com\/en\/mariotesten\/"]}]},{"@type":"BreadcrumbList","@id":"https:\/\/fondationlisewatier.com\/en\/mariotesten\/#breadcrumb","itemListElement":[{"@type":"ListItem","position":1,"name":"Accueil","item":"https:\/\/fondationlisewatier.com\/en\/"},{"@type":"ListItem","position":2,"name":"MarioTestEN"}]},{"@type":"WebSite","@id":"https:\/\/fondationlisewatier.com\/#website","url":"https:\/\/fondationlisewatier.com\/","name":"Fondation Lise Watier","description":"Organisme \u00e0 but non lucratif, la Fondation Lise Watier aide les femmes \u00e0 atteindre l\u2019ind\u00e9pendance financi\u00e8re.","publisher":{"@id":"https:\/\/fondationlisewatier.com\/#organization"},"potentialAction":[{"@type":"SearchAction","target":{"@type":"EntryPoint","urlTemplate":"https:\/\/fondationlisewatier.com\/?s={search_term_string}"},"query-input":{"@type":"PropertyValueSpecification","valueRequired":true,"valueName":"search_term_string"}}],"inLanguage":"en-US"},{"@type":"Organization","@id":"https:\/\/fondationlisewatier.com\/#organization","name":"Fondation Lise Watier","url":"https:\/\/fondationlisewatier.com\/","logo":{"@type":"ImageObject","inLanguage":"en-US","@id":"https:\/\/fondationlisewatier.com\/#\/schema\/logo\/image\/","url":"https:\/\/fondationlisewatier.com\/wp-content\/uploads\/2021\/07\/LogoFLW_EN_2021.png","contentUrl":"https:\/\/fondationlisewatier.com\/wp-content\/uploads\/2021\/07\/LogoFLW_EN_2021.png","width":1293,"height":342,"caption":"Fondation Lise Watier"},"image":{"@id":"https:\/\/fondationlisewatier.com\/#\/schema\/logo\/image\/"}}]}},"featured_image_src":null,"featured_image_src_square":null,"_links":{"self":[{"href":"https:\/\/fondationlisewatier.com\/en\/wp-json\/wp\/v2\/pages\/9869","targetHints":{"allow":["GET"]}}],"collection":[{"href":"https:\/\/fondationlisewatier.com\/en\/wp-json\/wp\/v2\/pages"}],"about":[{"href":"https:\/\/fondationlisewatier.com\/en\/wp-json\/wp\/v2\/types\/page"}],"author":[{"embeddable":true,"href":"https:\/\/fondationlisewatier.com\/en\/wp-json\/wp\/v2\/users\/7"}],"replies":[{"embeddable":true,"href":"https:\/\/fondationlisewatier.com\/en\/wp-json\/wp\/v2\/comments?post=9869"}],"version-history":[{"count":0,"href":"https:\/\/fondationlisewatier.com\/en\/wp-json\/wp\/v2\/pages\/9869\/revisions"}],"wp:attachment":[{"href":"https:\/\/fondationlisewatier.com\/en\/wp-json\/wp\/v2\/media?parent=9869"}],"curies":[{"name":"wp","href":"https:\/\/api.w.org\/{rel}","templated":true}]}}